{"id":130,"date":"2025-03-07T02:39:26","date_gmt":"2025-03-07T02:39:26","guid":{"rendered":"https:\/\/quickfirego.com\/?page_id=130"},"modified":"2025-03-07T04:37:56","modified_gmt":"2025-03-07T04:37:56","slug":"faqs-2","status":"publish","type":"page","link":"https:\/\/quickfirego.com\/?page_id=130&lang=es","title":{"rendered":"FAQs"},"content":{"rendered":"<p><strong>\u00bfEst\u00e1 QUICKFIRE clasificado como mercanc\u00eda peligrosa?<\/strong><\/p>\n<p style=\"padding-left: 40px;\">No. QUICKFIRE no est\u00e1 clasificado como mercanc\u00eda peligrosa. P\u00f3ngase en contacto con nosotros para obtener hojas de especificaciones de transporte.<\/p>\n<p><strong>\u00bfQui\u00e9n ha probado el producto?<\/strong><\/p>\n<p style=\"padding-left: 40px;\">Ha sido probado por DEKRA en Alemania.<\/p>\n<p><strong>\u00bfSe puede almacenar en un almac\u00e9n normal?<\/strong><\/p>\n<p style=\"padding-left: 40px;\">S\u00ed, aunque recomendamos que se almacene a una temperatura m\u00ednima de 16 grados cent\u00edgrados para evitar que se da\u00f1e el envase.<\/p>\n<p><strong>\u00bfPuede inflamarse espont\u00e1neamente?<\/strong><\/p>\n<p style=\"padding-left: 40px;\">No. QUICKFIRE no puede inflamarse espont\u00e1neamente. Necesita una llama para encenderse.<\/p>\n<p><strong>\u00bfTiene QUICKFIRE fecha de caducidad?<\/strong><\/p>\n<p style=\"padding-left: 40px;\">QUICKFIRE dura indefinidamente. De hecho, QUICKFIRE mejora a\u00fan m\u00e1s con el tiempo, una vez completado el proceso de curado.<\/p>\n<p><strong>\u00bfEmana olor cuando almaceno o enciendo QUICKFIRE?<\/strong><\/p>\n<p style=\"padding-left: 40px;\">No. QUICKFIRE est\u00e1 sellado en una pel\u00edcula transparente y por lo tanto no emite ning\u00fan olor. Tampoco te manchar\u00e1s las manos de olor.<\/p>\n<p><strong>\u00bfCu\u00e1l es el tiempo de combusti\u00f3n de los iniciadores QUICKFIRE?<\/strong><\/p>\n<p style=\"padding-left: 40px;\">Alrededor de 8-10 minutos, dependiendo de las condiciones.<\/p>\n<p><strong>\u00bfHay que retirar QUICKFIRE de la pel\u00edcula del empaque?<\/strong><\/p>\n<p style=\"padding-left: 40px;\">No. Se enciende la pel\u00edcula en la esquina y se utiliza la pel\u00edcula como mecha.<\/p>\n<p><strong>\u00bfQu\u00e9 norma de ensayo se ha utilizado con respecto a los encendedores para barbacoas?<\/strong><\/p>\n<p style=\"padding-left: 40px;\">Dekra en Alemania lo ha probado seg\u00fan la norma DIN EN 1860-3\/A1:2006.<\/p>\n<p><strong>\u00bfDebe quemarse completamente el paquete de iniciador del fuego antes de colocar los alimentos en la parrilla?<\/strong><\/p>\n<p style=\"padding-left: 40px;\">S\u00ed, as\u00ed es. Antes de colocar los alimentos en la parrilla, aseg\u00farese de que los paquetes de iniciador del fuego se han quemado por completo y de que las brasas est\u00e1n cubiertas por una capa de ceniza.<\/p>\n<p><strong>\u00bfD\u00f3nde se fabrican?<\/strong><\/p>\n<p style=\"padding-left: 40px;\">QUICKFIRE se produce en Europa utilizando materias primas trazables de alta calidad.<\/p>\n<p><strong>\u00bfHay algo m\u00e1s que debamos tener en cuenta?<\/strong><\/p>\n<p style=\"padding-left: 40px;\">Mantener fuera del alcance de los ni\u00f1os.<\/p>\n","protected":false},"excerpt":{"rendered":"<p>\u00bfEst\u00e1 QUICKFIRE clasificado como mercanc\u00eda peligrosa? No. QUICKFIRE no est\u00e1 clasificado como mercanc\u00eda peligrosa. P\u00f3ngase en contacto con nosotros para obtener hojas de especificaciones de transporte. \u00bfQui\u00e9n ha probado el producto? Ha sido probado por DEKRA en Alemania. \u00bfSe puede almacenar en un almac\u00e9n normal? S\u00ed, aunque recomendamos que se almacene a una temperatura m\u00ednima [&hellip;]<\/p>\n","protected":false},"author":1,"featured_media":0,"parent":0,"menu_order":0,"comment_status":"closed","ping_status":"closed","template":"","meta":{"footnotes":""},"class_list":["post-130","page","type-page","status-publish","hentry"],"yoast_head":"<!-- This site is optimized with the Yoast SEO plugin v24.6 - https:\/\/yoast.com\/wordpress\/plugins\/seo\/ -->\n<title>FAQs - QUICKFIRE GO<\/title>\n<meta name=\"robots\" content=\"index, follow, max-snippet:-1, max-image-preview:large, max-video-preview:-1\" \/>\n<link rel=\"canonical\" href=\"https:\/\/quickfirego.com\/?page_id=130&lang=es\" \/>\n<meta property=\"og:locale\" content=\"en_US\" \/>\n<meta property=\"og:type\" content=\"article\" \/>\n<meta property=\"og:title\" content=\"FAQs - QUICKFIRE GO\" \/>\n<meta property=\"og:description\" content=\"\u00bfEst\u00e1 QUICKFIRE clasificado como mercanc\u00eda peligrosa? No. QUICKFIRE no est\u00e1 clasificado como mercanc\u00eda peligrosa. P\u00f3ngase en contacto con nosotros para obtener hojas de especificaciones de transporte. \u00bfQui\u00e9n ha probado el producto? Ha sido probado por DEKRA en Alemania. \u00bfSe puede almacenar en un almac\u00e9n normal? S\u00ed, aunque recomendamos que se almacene a una temperatura m\u00ednima [&hellip;]\" \/>\n<meta property=\"og:url\" content=\"https:\/\/quickfirego.com\/?page_id=130&amp;lang=es\" \/>\n<meta property=\"og:site_name\" content=\"QUICKFIRE GO\" \/>\n<meta property=\"article:modified_time\" content=\"2025-03-07T04:37:56+00:00\" \/>\n<meta name=\"twitter:card\" content=\"summary_large_image\" \/>\n<meta name=\"twitter:label1\" content=\"Est. reading time\" \/>\n\t<meta name=\"twitter:data1\" content=\"2 minutes\" \/>\n<script type=\"application\/ld+json\" class=\"yoast-schema-graph\">{\"@context\":\"https:\/\/schema.org\",\"@graph\":[{\"@type\":\"WebPage\",\"@id\":\"https:\/\/quickfirego.com\/?page_id=130&lang=es\",\"url\":\"https:\/\/quickfirego.com\/?page_id=130&lang=es\",\"name\":\"FAQs - QUICKFIRE GO\",\"isPartOf\":{\"@id\":\"https:\/\/quickfirego.com\/#website\"},\"datePublished\":\"2025-03-07T02:39:26+00:00\",\"dateModified\":\"2025-03-07T04:37:56+00:00\",\"breadcrumb\":{\"@id\":\"https:\/\/quickfirego.com\/?page_id=130&lang=es#breadcrumb\"},\"inLanguage\":\"en-US\",\"potentialAction\":[{\"@type\":\"ReadAction\",\"target\":[\"https:\/\/quickfirego.com\/?page_id=130&lang=es\"]}]},{\"@type\":\"BreadcrumbList\",\"@id\":\"https:\/\/quickfirego.com\/?page_id=130&lang=es#breadcrumb\",\"itemListElement\":[{\"@type\":\"ListItem\",\"position\":1,\"name\":\"Home\",\"item\":\"https:\/\/quickfirego.com\/\"},{\"@type\":\"ListItem\",\"position\":2,\"name\":\"FAQs\"}]},{\"@type\":\"WebSite\",\"@id\":\"https:\/\/quickfirego.com\/#website\",\"url\":\"https:\/\/quickfirego.com\/\",\"name\":\"QUICKFIRE GO\",\"description\":\"American Reps for Quickfire.dk, a Danish company\",\"potentialAction\":[{\"@type\":\"SearchAction\",\"target\":{\"@type\":\"EntryPoint\",\"urlTemplate\":\"https:\/\/quickfirego.com\/?s={search_term_string}\"},\"query-input\":{\"@type\":\"PropertyValueSpecification\",\"valueRequired\":true,\"valueName\":\"search_term_string\"}}],\"inLanguage\":\"en-US\"}]}<\/script>\n<!-- \/ Yoast SEO plugin. -->","yoast_head_json":{"title":"FAQs - QUICKFIRE GO","robots":{"index":"index","follow":"follow","max-snippet":"max-snippet:-1","max-image-preview":"max-image-preview:large","max-video-preview":"max-video-preview:-1"},"canonical":"https:\/\/quickfirego.com\/?page_id=130&lang=es","og_locale":"en_US","og_type":"article","og_title":"FAQs - QUICKFIRE GO","og_description":"\u00bfEst\u00e1 QUICKFIRE clasificado como mercanc\u00eda peligrosa? No. QUICKFIRE no est\u00e1 clasificado como mercanc\u00eda peligrosa. P\u00f3ngase en contacto con nosotros para obtener hojas de especificaciones de transporte. \u00bfQui\u00e9n ha probado el producto? Ha sido probado por DEKRA en Alemania. \u00bfSe puede almacenar en un almac\u00e9n normal? S\u00ed, aunque recomendamos que se almacene a una temperatura m\u00ednima [&hellip;]","og_url":"https:\/\/quickfirego.com\/?page_id=130&lang=es","og_site_name":"QUICKFIRE GO","article_modified_time":"2025-03-07T04:37:56+00:00","twitter_card":"summary_large_image","twitter_misc":{"Est. reading time":"2 minutes"},"schema":{"@context":"https:\/\/schema.org","@graph":[{"@type":"WebPage","@id":"https:\/\/quickfirego.com\/?page_id=130&lang=es","url":"https:\/\/quickfirego.com\/?page_id=130&lang=es","name":"FAQs - QUICKFIRE GO","isPartOf":{"@id":"https:\/\/quickfirego.com\/#website"},"datePublished":"2025-03-07T02:39:26+00:00","dateModified":"2025-03-07T04:37:56+00:00","breadcrumb":{"@id":"https:\/\/quickfirego.com\/?page_id=130&lang=es#breadcrumb"},"inLanguage":"en-US","potentialAction":[{"@type":"ReadAction","target":["https:\/\/quickfirego.com\/?page_id=130&lang=es"]}]},{"@type":"BreadcrumbList","@id":"https:\/\/quickfirego.com\/?page_id=130&lang=es#breadcrumb","itemListElement":[{"@type":"ListItem","position":1,"name":"Home","item":"https:\/\/quickfirego.com\/"},{"@type":"ListItem","position":2,"name":"FAQs"}]},{"@type":"WebSite","@id":"https:\/\/quickfirego.com\/#website","url":"https:\/\/quickfirego.com\/","name":"QUICKFIRE GO","description":"American Reps for Quickfire.dk, a Danish company","potentialAction":[{"@type":"SearchAction","target":{"@type":"EntryPoint","urlTemplate":"https:\/\/quickfirego.com\/?s={search_term_string}"},"query-input":{"@type":"PropertyValueSpecification","valueRequired":true,"valueName":"search_term_string"}}],"inLanguage":"en-US"}]}},"_links":{"self":[{"href":"https:\/\/quickfirego.com\/index.php?rest_route=\/wp\/v2\/pages\/130","targetHints":{"allow":["GET"]}}],"collection":[{"href":"https:\/\/quickfirego.com\/index.php?rest_route=\/wp\/v2\/pages"}],"about":[{"href":"https:\/\/quickfirego.com\/index.php?rest_route=\/wp\/v2\/types\/page"}],"author":[{"embeddable":true,"href":"https:\/\/quickfirego.com\/index.php?rest_route=\/wp\/v2\/users\/1"}],"replies":[{"embeddable":true,"href":"https:\/\/quickfirego.com\/index.php?rest_route=%2Fwp%2Fv2%2Fcomments&post=130"}],"version-history":[{"count":4,"href":"https:\/\/quickfirego.com\/index.php?rest_route=\/wp\/v2\/pages\/130\/revisions"}],"predecessor-version":[{"id":166,"href":"https:\/\/quickfirego.com\/index.php?rest_route=\/wp\/v2\/pages\/130\/revisions\/166"}],"wp:attachment":[{"href":"https:\/\/quickfirego.com\/index.php?rest_route=%2Fwp%2Fv2%2Fmedia&parent=130"}],"curies":[{"name":"wp","href":"https:\/\/api.w.org\/{rel}","templated":true}]}}