{"id":161,"date":"2025-03-07T03:37:37","date_gmt":"2025-03-07T03:37:37","guid":{"rendered":"https:\/\/quickfirego.com\/?page_id=161"},"modified":"2025-06-30T17:26:48","modified_gmt":"2025-06-30T17:26:48","slug":"que-es-quickfire","status":"publish","type":"page","link":"https:\/\/quickfirego.com\/?page_id=161&lang=es","title":{"rendered":"\u00bfQu\u00e9 es QUICKFIRE?"},"content":{"rendered":"<p>QUICKFIRE es un ingenioso iniciador de fuego contenido en un peque\u00f1o paquete impermeable, c\u00f3modo de llevar en el bolsillo o en la mochila, para encender fuego con facilidad, en cualquier lugar y en cualquier momento.<\/p>\n<p><img loading=\"lazy\" decoding=\"async\" class=\"alignnone wp-image-154\" src=\"https:\/\/quickfirego.com\/wp-content\/uploads\/2025\/03\/Screenshot-2025-03-06-at-8.18.09\u202fPM-300x117.png\" alt=\"\" width=\"590\" height=\"230\" srcset=\"https:\/\/quickfirego.com\/wp-content\/uploads\/2025\/03\/Screenshot-2025-03-06-at-8.18.09\u202fPM-300x117.png 300w, https:\/\/quickfirego.com\/wp-content\/uploads\/2025\/03\/Screenshot-2025-03-06-at-8.18.09\u202fPM-1024x399.png 1024w, https:\/\/quickfirego.com\/wp-content\/uploads\/2025\/03\/Screenshot-2025-03-06-at-8.18.09\u202fPM-768x299.png 768w, https:\/\/quickfirego.com\/wp-content\/uploads\/2025\/03\/Screenshot-2025-03-06-at-8.18.09\u202fPM-1536x598.png 1536w, https:\/\/quickfirego.com\/wp-content\/uploads\/2025\/03\/Screenshot-2025-03-06-at-8.18.09\u202fPM-1200x468.png 1200w, https:\/\/quickfirego.com\/wp-content\/uploads\/2025\/03\/Screenshot-2025-03-06-at-8.18.09\u202fPM.png 1920w\" sizes=\"auto, (max-width: 590px) 100vw, 590px\" \/><img loading=\"lazy\" decoding=\"async\" class=\"alignnone wp-image-152\" src=\"https:\/\/quickfirego.com\/wp-content\/uploads\/2025\/03\/Screenshot-2025-03-06-at-8.17.22\u202fPM-300x121.png\" alt=\"\" width=\"669\" height=\"270\" srcset=\"https:\/\/quickfirego.com\/wp-content\/uploads\/2025\/03\/Screenshot-2025-03-06-at-8.17.22\u202fPM-300x121.png 300w, https:\/\/quickfirego.com\/wp-content\/uploads\/2025\/03\/Screenshot-2025-03-06-at-8.17.22\u202fPM-768x311.png 768w, https:\/\/quickfirego.com\/wp-content\/uploads\/2025\/03\/Screenshot-2025-03-06-at-8.17.22\u202fPM.png 998w\" sizes=\"auto, (max-width: 669px) 100vw, 669px\" \/><\/p>\n<p>Tambi\u00e9n es ideal para estufas de le\u00f1a y barbacoas y produce una llama constante durante un m\u00e1ximo de diez minutos para encender la le\u00f1a o el carb\u00f3n.<\/p>\n<p><img loading=\"lazy\" decoding=\"async\" class=\"alignnone wp-image-155\" src=\"https:\/\/quickfirego.com\/wp-content\/uploads\/2025\/03\/Screenshot-2025-03-06-at-8.17.11\u202fPM-300x118.png\" alt=\"\" width=\"666\" height=\"262\" srcset=\"https:\/\/quickfirego.com\/wp-content\/uploads\/2025\/03\/Screenshot-2025-03-06-at-8.17.11\u202fPM-300x118.png 300w, https:\/\/quickfirego.com\/wp-content\/uploads\/2025\/03\/Screenshot-2025-03-06-at-8.17.11\u202fPM-768x301.png 768w, https:\/\/quickfirego.com\/wp-content\/uploads\/2025\/03\/Screenshot-2025-03-06-at-8.17.11\u202fPM.png 1000w\" sizes=\"auto, (max-width: 666px) 100vw, 666px\" \/><\/p>\n<p><img loading=\"lazy\" decoding=\"async\" class=\"alignnone wp-image-156\" src=\"https:\/\/quickfirego.com\/wp-content\/uploads\/2025\/03\/Screenshot-2025-03-06-at-8.16.56\u202fPM-300x117.png\" alt=\"\" width=\"700\" height=\"273\" srcset=\"https:\/\/quickfirego.com\/wp-content\/uploads\/2025\/03\/Screenshot-2025-03-06-at-8.16.56\u202fPM-300x117.png 300w, https:\/\/quickfirego.com\/wp-content\/uploads\/2025\/03\/Screenshot-2025-03-06-at-8.16.56\u202fPM-768x300.png 768w, https:\/\/quickfirego.com\/wp-content\/uploads\/2025\/03\/Screenshot-2025-03-06-at-8.16.56\u202fPM.png 1008w\" sizes=\"auto, (max-width: 700px) 100vw, 700px\" \/><\/p>\n<p>Es inodoro y su no toxicidad ha sido probada en laboratorio, por lo que es limpio de manipular y completamente seguro para los alimentos.<\/p>\n<p><img loading=\"lazy\" decoding=\"async\" class=\"alignnone wp-image-146\" src=\"https:\/\/quickfirego.com\/wp-content\/uploads\/2025\/03\/Screenshot-2025-03-05-at-1.04.23\u202fPM-300x203.png\" alt=\"\" width=\"634\" height=\"429\" srcset=\"https:\/\/quickfirego.com\/wp-content\/uploads\/2025\/03\/Screenshot-2025-03-05-at-1.04.23\u202fPM-300x203.png 300w, https:\/\/quickfirego.com\/wp-content\/uploads\/2025\/03\/Screenshot-2025-03-05-at-1.04.23\u202fPM-1024x693.png 1024w, https:\/\/quickfirego.com\/wp-content\/uploads\/2025\/03\/Screenshot-2025-03-05-at-1.04.23\u202fPM-768x520.png 768w, https:\/\/quickfirego.com\/wp-content\/uploads\/2025\/03\/Screenshot-2025-03-05-at-1.04.23\u202fPM.png 1152w\" sizes=\"auto, (max-width: 634px) 100vw, 634px\" \/><\/p>\n","protected":false},"excerpt":{"rendered":"<p>QUICKFIRE es un ingenioso iniciador de fuego contenido en un peque\u00f1o paquete impermeable, c\u00f3modo de llevar en el bolsillo o en la mochila, para encender fuego con facilidad, en cualquier lugar y en cualquier momento. Tambi\u00e9n es ideal para estufas de le\u00f1a y barbacoas y produce una llama constante durante un m\u00e1ximo de diez minutos [&hellip;]<\/p>\n","protected":false},"author":1,"featured_media":0,"parent":0,"menu_order":0,"comment_status":"closed","ping_status":"closed","template":"","meta":{"footnotes":""},"class_list":["post-161","page","type-page","status-publish","hentry"],"yoast_head":"<!-- This site is optimized with the Yoast SEO plugin v24.6 - https:\/\/yoast.com\/wordpress\/plugins\/seo\/ -->\n<title>\u00bfQu\u00e9 es QUICKFIRE? - QUICKFIRE GO<\/title>\n<meta name=\"robots\" content=\"index, follow, max-snippet:-1, max-image-preview:large, max-video-preview:-1\" \/>\n<link rel=\"canonical\" href=\"https:\/\/quickfirego.com\/?page_id=161&lang=es\" \/>\n<meta property=\"og:locale\" content=\"en_US\" \/>\n<meta property=\"og:type\" content=\"article\" \/>\n<meta property=\"og:title\" content=\"\u00bfQu\u00e9 es QUICKFIRE? - QUICKFIRE GO\" \/>\n<meta property=\"og:description\" content=\"QUICKFIRE es un ingenioso iniciador de fuego contenido en un peque\u00f1o paquete impermeable, c\u00f3modo de llevar en el bolsillo o en la mochila, para encender fuego con facilidad, en cualquier lugar y en cualquier momento. Tambi\u00e9n es ideal para estufas de le\u00f1a y barbacoas y produce una llama constante durante un m\u00e1ximo de diez minutos [&hellip;]\" \/>\n<meta property=\"og:url\" content=\"https:\/\/quickfirego.com\/?page_id=161&amp;lang=es\" \/>\n<meta property=\"og:site_name\" content=\"QUICKFIRE GO\" \/>\n<meta property=\"article:modified_time\" content=\"2025-06-30T17:26:48+00:00\" \/>\n<meta name=\"twitter:card\" content=\"summary_large_image\" \/>\n<meta name=\"twitter:label1\" content=\"Est. reading time\" \/>\n\t<meta name=\"twitter:data1\" content=\"2 minutes\" \/>\n<script type=\"application\/ld+json\" class=\"yoast-schema-graph\">{\"@context\":\"https:\/\/schema.org\",\"@graph\":[{\"@type\":\"WebPage\",\"@id\":\"https:\/\/quickfirego.com\/?page_id=161&lang=es\",\"url\":\"https:\/\/quickfirego.com\/?page_id=161&lang=es\",\"name\":\"\u00bfQu\u00e9 es QUICKFIRE? - QUICKFIRE GO\",\"isPartOf\":{\"@id\":\"https:\/\/quickfirego.com\/#website\"},\"datePublished\":\"2025-03-07T03:37:37+00:00\",\"dateModified\":\"2025-06-30T17:26:48+00:00\",\"breadcrumb\":{\"@id\":\"https:\/\/quickfirego.com\/?page_id=161&lang=es#breadcrumb\"},\"inLanguage\":\"en-US\",\"potentialAction\":[{\"@type\":\"ReadAction\",\"target\":[\"https:\/\/quickfirego.com\/?page_id=161&lang=es\"]}]},{\"@type\":\"BreadcrumbList\",\"@id\":\"https:\/\/quickfirego.com\/?page_id=161&lang=es#breadcrumb\",\"itemListElement\":[{\"@type\":\"ListItem\",\"position\":1,\"name\":\"Home\",\"item\":\"https:\/\/quickfirego.com\/\"},{\"@type\":\"ListItem\",\"position\":2,\"name\":\"\u00bfQu\u00e9 es QUICKFIRE?\"}]},{\"@type\":\"WebSite\",\"@id\":\"https:\/\/quickfirego.com\/#website\",\"url\":\"https:\/\/quickfirego.com\/\",\"name\":\"QUICKFIRE GO\",\"description\":\"American Reps for Quickfire.dk, a Danish company\",\"potentialAction\":[{\"@type\":\"SearchAction\",\"target\":{\"@type\":\"EntryPoint\",\"urlTemplate\":\"https:\/\/quickfirego.com\/?s={search_term_string}\"},\"query-input\":{\"@type\":\"PropertyValueSpecification\",\"valueRequired\":true,\"valueName\":\"search_term_string\"}}],\"inLanguage\":\"en-US\"}]}<\/script>\n<!-- \/ Yoast SEO plugin. -->","yoast_head_json":{"title":"\u00bfQu\u00e9 es QUICKFIRE? - QUICKFIRE GO","robots":{"index":"index","follow":"follow","max-snippet":"max-snippet:-1","max-image-preview":"max-image-preview:large","max-video-preview":"max-video-preview:-1"},"canonical":"https:\/\/quickfirego.com\/?page_id=161&lang=es","og_locale":"en_US","og_type":"article","og_title":"\u00bfQu\u00e9 es QUICKFIRE? - QUICKFIRE GO","og_description":"QUICKFIRE es un ingenioso iniciador de fuego contenido en un peque\u00f1o paquete impermeable, c\u00f3modo de llevar en el bolsillo o en la mochila, para encender fuego con facilidad, en cualquier lugar y en cualquier momento. Tambi\u00e9n es ideal para estufas de le\u00f1a y barbacoas y produce una llama constante durante un m\u00e1ximo de diez minutos [&hellip;]","og_url":"https:\/\/quickfirego.com\/?page_id=161&lang=es","og_site_name":"QUICKFIRE GO","article_modified_time":"2025-06-30T17:26:48+00:00","twitter_card":"summary_large_image","twitter_misc":{"Est. reading time":"2 minutes"},"schema":{"@context":"https:\/\/schema.org","@graph":[{"@type":"WebPage","@id":"https:\/\/quickfirego.com\/?page_id=161&lang=es","url":"https:\/\/quickfirego.com\/?page_id=161&lang=es","name":"\u00bfQu\u00e9 es QUICKFIRE? - QUICKFIRE GO","isPartOf":{"@id":"https:\/\/quickfirego.com\/#website"},"datePublished":"2025-03-07T03:37:37+00:00","dateModified":"2025-06-30T17:26:48+00:00","breadcrumb":{"@id":"https:\/\/quickfirego.com\/?page_id=161&lang=es#breadcrumb"},"inLanguage":"en-US","potentialAction":[{"@type":"ReadAction","target":["https:\/\/quickfirego.com\/?page_id=161&lang=es"]}]},{"@type":"BreadcrumbList","@id":"https:\/\/quickfirego.com\/?page_id=161&lang=es#breadcrumb","itemListElement":[{"@type":"ListItem","position":1,"name":"Home","item":"https:\/\/quickfirego.com\/"},{"@type":"ListItem","position":2,"name":"\u00bfQu\u00e9 es QUICKFIRE?"}]},{"@type":"WebSite","@id":"https:\/\/quickfirego.com\/#website","url":"https:\/\/quickfirego.com\/","name":"QUICKFIRE GO","description":"American Reps for Quickfire.dk, a Danish company","potentialAction":[{"@type":"SearchAction","target":{"@type":"EntryPoint","urlTemplate":"https:\/\/quickfirego.com\/?s={search_term_string}"},"query-input":{"@type":"PropertyValueSpecification","valueRequired":true,"valueName":"search_term_string"}}],"inLanguage":"en-US"}]}},"_links":{"self":[{"href":"https:\/\/quickfirego.com\/index.php?rest_route=\/wp\/v2\/pages\/161","targetHints":{"allow":["GET"]}}],"collection":[{"href":"https:\/\/quickfirego.com\/index.php?rest_route=\/wp\/v2\/pages"}],"about":[{"href":"https:\/\/quickfirego.com\/index.php?rest_route=\/wp\/v2\/types\/page"}],"author":[{"embeddable":true,"href":"https:\/\/quickfirego.com\/index.php?rest_route=\/wp\/v2\/users\/1"}],"replies":[{"embeddable":true,"href":"https:\/\/quickfirego.com\/index.php?rest_route=%2Fwp%2Fv2%2Fcomments&post=161"}],"version-history":[{"count":3,"href":"https:\/\/quickfirego.com\/index.php?rest_route=\/wp\/v2\/pages\/161\/revisions"}],"predecessor-version":[{"id":182,"href":"https:\/\/quickfirego.com\/index.php?rest_route=\/wp\/v2\/pages\/161\/revisions\/182"}],"wp:attachment":[{"href":"https:\/\/quickfirego.com\/index.php?rest_route=%2Fwp%2Fv2%2Fmedia&parent=161"}],"curies":[{"name":"wp","href":"https:\/\/api.w.org\/{rel}","templated":true}]}}