{"id":69,"date":"2025-03-04T01:33:34","date_gmt":"2025-03-04T01:33:34","guid":{"rendered":"https:\/\/quickfirego.com\/?page_id=69"},"modified":"2025-06-30T17:23:23","modified_gmt":"2025-06-30T17:23:23","slug":"quickfire-go-espanol","status":"publish","type":"page","link":"https:\/\/quickfirego.com\/?page_id=69&lang=es","title":{"rendered":"Sobre QUICKFIRE Go"},"content":{"rendered":"\r\n<p>QUICKFIRE Go es la filial estadounidense\/latinoamericana de la empresa danesa QUICKFIRE con sede en Vejle, Dinamarca.<\/p>\r\n<p>Estamos abriendo nuevos mercados para los innovadores productos de iluminaci\u00f3n QUICKFIRE, que ya son un \u00e9xito de ventas en el norte de Europa y Canad\u00e1.<\/p>\r\n","protected":false},"excerpt":{"rendered":"<p>QUICKFIRE Go es la filial estadounidense\/latinoamericana de la empresa danesa QUICKFIRE con sede en Vejle, Dinamarca. Estamos abriendo nuevos mercados para los innovadores productos de iluminaci\u00f3n QUICKFIRE, que ya son un \u00e9xito de ventas en el norte de Europa y Canad\u00e1.<\/p>\n","protected":false},"author":1,"featured_media":0,"parent":0,"menu_order":0,"comment_status":"closed","ping_status":"closed","template":"","meta":{"footnotes":""},"class_list":["post-69","page","type-page","status-publish","hentry"],"yoast_head":"<!-- This site is optimized with the Yoast SEO plugin v24.6 - https:\/\/yoast.com\/wordpress\/plugins\/seo\/ -->\n<title>Sobre QUICKFIRE Go - QUICKFIRE GO<\/title>\n<meta name=\"description\" content=\"QuickfireGo es la filial estadounidense\/latinoamericana de la empresa danesa Quickfire, con sede en Dinamarca.\" \/>\n<meta name=\"robots\" content=\"index, follow, max-snippet:-1, max-image-preview:large, max-video-preview:-1\" \/>\n<link rel=\"canonical\" href=\"https:\/\/quickfirego.com\/?page_id=69&lang=es\" \/>\n<meta property=\"og:locale\" content=\"en_US\" \/>\n<meta property=\"og:type\" content=\"article\" \/>\n<meta property=\"og:title\" content=\"Sobre QUICKFIRE Go - QUICKFIRE GO\" \/>\n<meta property=\"og:description\" content=\"QuickfireGo es la filial estadounidense\/latinoamericana de la empresa danesa Quickfire, con sede en Dinamarca.\" \/>\n<meta property=\"og:url\" content=\"https:\/\/quickfirego.com\/?page_id=69&amp;lang=es\" \/>\n<meta property=\"og:site_name\" content=\"QUICKFIRE GO\" \/>\n<meta property=\"article:modified_time\" content=\"2025-06-30T17:23:23+00:00\" \/>\n<meta name=\"twitter:card\" content=\"summary_large_image\" \/>\n<meta name=\"twitter:label1\" content=\"Est. reading time\" \/>\n\t<meta name=\"twitter:data1\" content=\"1 minute\" \/>\n<script type=\"application\/ld+json\" class=\"yoast-schema-graph\">{\"@context\":\"https:\/\/schema.org\",\"@graph\":[{\"@type\":\"WebPage\",\"@id\":\"https:\/\/quickfirego.com\/?page_id=69&lang=es\",\"url\":\"https:\/\/quickfirego.com\/?page_id=69&lang=es\",\"name\":\"Sobre QUICKFIRE Go - QUICKFIRE GO\",\"isPartOf\":{\"@id\":\"https:\/\/quickfirego.com\/#website\"},\"datePublished\":\"2025-03-04T01:33:34+00:00\",\"dateModified\":\"2025-06-30T17:23:23+00:00\",\"description\":\"QuickfireGo es la filial estadounidense\/latinoamericana de la empresa danesa Quickfire, con sede en Dinamarca.\",\"breadcrumb\":{\"@id\":\"https:\/\/quickfirego.com\/?page_id=69&lang=es#breadcrumb\"},\"inLanguage\":\"en-US\",\"potentialAction\":[{\"@type\":\"ReadAction\",\"target\":[\"https:\/\/quickfirego.com\/?page_id=69&lang=es\"]}]},{\"@type\":\"BreadcrumbList\",\"@id\":\"https:\/\/quickfirego.com\/?page_id=69&lang=es#breadcrumb\",\"itemListElement\":[{\"@type\":\"ListItem\",\"position\":1,\"name\":\"Home\",\"item\":\"https:\/\/quickfirego.com\/\"},{\"@type\":\"ListItem\",\"position\":2,\"name\":\"Sobre QUICKFIRE Go\"}]},{\"@type\":\"WebSite\",\"@id\":\"https:\/\/quickfirego.com\/#website\",\"url\":\"https:\/\/quickfirego.com\/\",\"name\":\"QUICKFIRE GO\",\"description\":\"American Reps for Quickfire.dk, a Danish company\",\"potentialAction\":[{\"@type\":\"SearchAction\",\"target\":{\"@type\":\"EntryPoint\",\"urlTemplate\":\"https:\/\/quickfirego.com\/?s={search_term_string}\"},\"query-input\":{\"@type\":\"PropertyValueSpecification\",\"valueRequired\":true,\"valueName\":\"search_term_string\"}}],\"inLanguage\":\"en-US\"}]}<\/script>\n<!-- \/ Yoast SEO plugin. -->","yoast_head_json":{"title":"Sobre QUICKFIRE Go - QUICKFIRE GO","description":"QuickfireGo es la filial estadounidense\/latinoamericana de la empresa danesa Quickfire, con sede en Dinamarca.","robots":{"index":"index","follow":"follow","max-snippet":"max-snippet:-1","max-image-preview":"max-image-preview:large","max-video-preview":"max-video-preview:-1"},"canonical":"https:\/\/quickfirego.com\/?page_id=69&lang=es","og_locale":"en_US","og_type":"article","og_title":"Sobre QUICKFIRE Go - QUICKFIRE GO","og_description":"QuickfireGo es la filial estadounidense\/latinoamericana de la empresa danesa Quickfire, con sede en Dinamarca.","og_url":"https:\/\/quickfirego.com\/?page_id=69&lang=es","og_site_name":"QUICKFIRE GO","article_modified_time":"2025-06-30T17:23:23+00:00","twitter_card":"summary_large_image","twitter_misc":{"Est. reading time":"1 minute"},"schema":{"@context":"https:\/\/schema.org","@graph":[{"@type":"WebPage","@id":"https:\/\/quickfirego.com\/?page_id=69&lang=es","url":"https:\/\/quickfirego.com\/?page_id=69&lang=es","name":"Sobre QUICKFIRE Go - QUICKFIRE GO","isPartOf":{"@id":"https:\/\/quickfirego.com\/#website"},"datePublished":"2025-03-04T01:33:34+00:00","dateModified":"2025-06-30T17:23:23+00:00","description":"QuickfireGo es la filial estadounidense\/latinoamericana de la empresa danesa Quickfire, con sede en Dinamarca.","breadcrumb":{"@id":"https:\/\/quickfirego.com\/?page_id=69&lang=es#breadcrumb"},"inLanguage":"en-US","potentialAction":[{"@type":"ReadAction","target":["https:\/\/quickfirego.com\/?page_id=69&lang=es"]}]},{"@type":"BreadcrumbList","@id":"https:\/\/quickfirego.com\/?page_id=69&lang=es#breadcrumb","itemListElement":[{"@type":"ListItem","position":1,"name":"Home","item":"https:\/\/quickfirego.com\/"},{"@type":"ListItem","position":2,"name":"Sobre QUICKFIRE Go"}]},{"@type":"WebSite","@id":"https:\/\/quickfirego.com\/#website","url":"https:\/\/quickfirego.com\/","name":"QUICKFIRE GO","description":"American Reps for Quickfire.dk, a Danish company","potentialAction":[{"@type":"SearchAction","target":{"@type":"EntryPoint","urlTemplate":"https:\/\/quickfirego.com\/?s={search_term_string}"},"query-input":{"@type":"PropertyValueSpecification","valueRequired":true,"valueName":"search_term_string"}}],"inLanguage":"en-US"}]}},"_links":{"self":[{"href":"https:\/\/quickfirego.com\/index.php?rest_route=\/wp\/v2\/pages\/69","targetHints":{"allow":["GET"]}}],"collection":[{"href":"https:\/\/quickfirego.com\/index.php?rest_route=\/wp\/v2\/pages"}],"about":[{"href":"https:\/\/quickfirego.com\/index.php?rest_route=\/wp\/v2\/types\/page"}],"author":[{"embeddable":true,"href":"https:\/\/quickfirego.com\/index.php?rest_route=\/wp\/v2\/users\/1"}],"replies":[{"embeddable":true,"href":"https:\/\/quickfirego.com\/index.php?rest_route=%2Fwp%2Fv2%2Fcomments&post=69"}],"version-history":[{"count":7,"href":"https:\/\/quickfirego.com\/index.php?rest_route=\/wp\/v2\/pages\/69\/revisions"}],"predecessor-version":[{"id":181,"href":"https:\/\/quickfirego.com\/index.php?rest_route=\/wp\/v2\/pages\/69\/revisions\/181"}],"wp:attachment":[{"href":"https:\/\/quickfirego.com\/index.php?rest_route=%2Fwp%2Fv2%2Fmedia&parent=69"}],"curies":[{"name":"wp","href":"https:\/\/api.w.org\/{rel}","templated":true}]}}